{"id":1796,"date":"2022-01-11T15:06:53","date_gmt":"2022-01-11T15:06:53","guid":{"rendered":"https:\/\/dive3d.ch\/virtuelle-veranstaltungen-ausstellungen-marktplaetze\/"},"modified":"2022-01-11T15:06:54","modified_gmt":"2022-01-11T15:06:54","slug":"virtuelle-veranstaltungen-ausstellungen-marktplaetze","status":"publish","type":"page","link":"http:\/\/www.dive3d.ch\/de\/virtuelle-veranstaltungen-ausstellungen-marktplaetze\/","title":{"rendered":"Virtuelle Veranstaltungen \/ Ausstellungen \/ Marktpl\u00e4tze"},"content":{"rendered":"<p>Sie m\u00fcssen nicht Tausende von Kilometern an einem bestimmten Datum zur\u00fccklegen, wenn jede Art von Produkt direkt im Webbrowser realistisch pr\u00e4sentiert werden kann. Laden Sie Kunden zu Webinaren direkt in Ihre Markenumgebung ein und erm\u00f6glichen Sie praktische Erfahrungen f\u00fcr eine gr\u00f6\u00dfere Wirkung.<\/p>\n\n<p><\/p>\n","protected":false},"excerpt":{"rendered":"<p>Laden Sie Kunden in Ihre Markenumgebung ein und erm\u00f6glichen Sie eine praktische Erfahrung mit Ihren Produkten.<\/p>\n","protected":false},"author":1,"featured_media":0,"parent":0,"menu_order":0,"comment_status":"closed","ping_status":"closed","template":"","meta":{"_monsterinsights_skip_tracking":false,"_monsterinsights_sitenote_active":false,"_monsterinsights_sitenote_note":"","_monsterinsights_sitenote_category":0,"footnotes":""},"class_list":["post-1796","page","type-page","status-publish","hentry"],"yoast_head":"<!-- This site is optimized with the Yoast SEO plugin v19.14 - https:\/\/yoast.com\/wordpress\/plugins\/seo\/ -->\n<title>Virtuelle Veranstaltungen \/ Ausstellungen \/ Marktpl\u00e4tze - Dive<\/title>\n<meta name=\"robots\" content=\"index, follow, max-snippet:-1, max-image-preview:large, max-video-preview:-1\" \/>\n<link rel=\"canonical\" href=\"http:\/\/www.dive3d.ch\/de\/virtuelle-veranstaltungen-ausstellungen-marktplaetze\/\" \/>\n<meta property=\"og:locale\" content=\"de_DE\" \/>\n<meta property=\"og:type\" content=\"article\" \/>\n<meta property=\"og:title\" content=\"Virtuelle Veranstaltungen \/ Ausstellungen \/ Marktpl\u00e4tze - Dive\" \/>\n<meta property=\"og:description\" content=\"Laden Sie Kunden in Ihre Markenumgebung ein und erm\u00f6glichen Sie eine praktische Erfahrung mit Ihren Produkten.\" \/>\n<meta property=\"og:url\" content=\"http:\/\/www.dive3d.ch\/de\/virtuelle-veranstaltungen-ausstellungen-marktplaetze\/\" \/>\n<meta property=\"og:site_name\" content=\"Dive\" \/>\n<meta property=\"article:modified_time\" content=\"2022-01-11T15:06:54+00:00\" \/>\n<meta name=\"twitter:card\" content=\"summary_large_image\" \/>\n<script type=\"application\/ld+json\" class=\"yoast-schema-graph\">{\"@context\":\"https:\/\/schema.org\",\"@graph\":[{\"@type\":\"WebPage\",\"@id\":\"http:\/\/www.dive3d.ch\/de\/virtuelle-veranstaltungen-ausstellungen-marktplaetze\/\",\"url\":\"http:\/\/www.dive3d.ch\/de\/virtuelle-veranstaltungen-ausstellungen-marktplaetze\/\",\"name\":\"Virtuelle Veranstaltungen \/ Ausstellungen \/ Marktpl\u00e4tze - Dive\",\"isPartOf\":{\"@id\":\"https:\/\/www.dive3d.ch\/de\/#website\"},\"datePublished\":\"2022-01-11T15:06:53+00:00\",\"dateModified\":\"2022-01-11T15:06:54+00:00\",\"breadcrumb\":{\"@id\":\"http:\/\/www.dive3d.ch\/de\/virtuelle-veranstaltungen-ausstellungen-marktplaetze\/#breadcrumb\"},\"inLanguage\":\"de\",\"potentialAction\":[{\"@type\":\"ReadAction\",\"target\":[\"http:\/\/www.dive3d.ch\/de\/virtuelle-veranstaltungen-ausstellungen-marktplaetze\/\"]}]},{\"@type\":\"BreadcrumbList\",\"@id\":\"http:\/\/www.dive3d.ch\/de\/virtuelle-veranstaltungen-ausstellungen-marktplaetze\/#breadcrumb\",\"itemListElement\":[{\"@type\":\"ListItem\",\"position\":1,\"name\":\"Home\",\"item\":\"https:\/\/www.dive3d.ch\/de\/\"},{\"@type\":\"ListItem\",\"position\":2,\"name\":\"Virtuelle Veranstaltungen \/ Ausstellungen \/ Marktpl\u00e4tze\"}]},{\"@type\":\"WebSite\",\"@id\":\"https:\/\/www.dive3d.ch\/de\/#website\",\"url\":\"https:\/\/www.dive3d.ch\/de\/\",\"name\":\"Dive\",\"description\":\"Metaversum f\u00fcr Unternehmen\",\"publisher\":{\"@id\":\"https:\/\/www.dive3d.ch\/de\/#organization\"},\"potentialAction\":[{\"@type\":\"SearchAction\",\"target\":{\"@type\":\"EntryPoint\",\"urlTemplate\":\"https:\/\/www.dive3d.ch\/de\/?s={search_term_string}\"},\"query-input\":\"required name=search_term_string\"}],\"inLanguage\":\"de\"},{\"@type\":\"Organization\",\"@id\":\"https:\/\/www.dive3d.ch\/de\/#organization\",\"name\":\"Atracsys Interactive SA\",\"url\":\"https:\/\/www.dive3d.ch\/de\/\",\"logo\":{\"@type\":\"ImageObject\",\"inLanguage\":\"de\",\"@id\":\"https:\/\/www.dive3d.ch\/de\/#\/schema\/logo\/image\/\",\"url\":\"https:\/\/dive3d.ch\/wp-content\/uploads\/2022\/01\/cropped-Atracsys-Interactive-App-Icon-White512.png\",\"contentUrl\":\"https:\/\/dive3d.ch\/wp-content\/uploads\/2022\/01\/cropped-Atracsys-Interactive-App-Icon-White512.png\",\"width\":512,\"height\":512,\"caption\":\"Atracsys Interactive SA\"},\"image\":{\"@id\":\"https:\/\/www.dive3d.ch\/de\/#\/schema\/logo\/image\/\"}}]}<\/script>\n<!-- \/ Yoast SEO plugin. -->","yoast_head_json":{"title":"Virtuelle Veranstaltungen \/ Ausstellungen \/ Marktpl\u00e4tze - Dive","robots":{"index":"index","follow":"follow","max-snippet":"max-snippet:-1","max-image-preview":"max-image-preview:large","max-video-preview":"max-video-preview:-1"},"canonical":"http:\/\/www.dive3d.ch\/de\/virtuelle-veranstaltungen-ausstellungen-marktplaetze\/","og_locale":"de_DE","og_type":"article","og_title":"Virtuelle Veranstaltungen \/ Ausstellungen \/ Marktpl\u00e4tze - Dive","og_description":"Laden Sie Kunden in Ihre Markenumgebung ein und erm\u00f6glichen Sie eine praktische Erfahrung mit Ihren Produkten.","og_url":"http:\/\/www.dive3d.ch\/de\/virtuelle-veranstaltungen-ausstellungen-marktplaetze\/","og_site_name":"Dive","article_modified_time":"2022-01-11T15:06:54+00:00","twitter_card":"summary_large_image","schema":{"@context":"https:\/\/schema.org","@graph":[{"@type":"WebPage","@id":"http:\/\/www.dive3d.ch\/de\/virtuelle-veranstaltungen-ausstellungen-marktplaetze\/","url":"http:\/\/www.dive3d.ch\/de\/virtuelle-veranstaltungen-ausstellungen-marktplaetze\/","name":"Virtuelle Veranstaltungen \/ Ausstellungen \/ Marktpl\u00e4tze - Dive","isPartOf":{"@id":"https:\/\/www.dive3d.ch\/de\/#website"},"datePublished":"2022-01-11T15:06:53+00:00","dateModified":"2022-01-11T15:06:54+00:00","breadcrumb":{"@id":"http:\/\/www.dive3d.ch\/de\/virtuelle-veranstaltungen-ausstellungen-marktplaetze\/#breadcrumb"},"inLanguage":"de","potentialAction":[{"@type":"ReadAction","target":["http:\/\/www.dive3d.ch\/de\/virtuelle-veranstaltungen-ausstellungen-marktplaetze\/"]}]},{"@type":"BreadcrumbList","@id":"http:\/\/www.dive3d.ch\/de\/virtuelle-veranstaltungen-ausstellungen-marktplaetze\/#breadcrumb","itemListElement":[{"@type":"ListItem","position":1,"name":"Home","item":"https:\/\/www.dive3d.ch\/de\/"},{"@type":"ListItem","position":2,"name":"Virtuelle Veranstaltungen \/ Ausstellungen \/ Marktpl\u00e4tze"}]},{"@type":"WebSite","@id":"https:\/\/www.dive3d.ch\/de\/#website","url":"https:\/\/www.dive3d.ch\/de\/","name":"Dive","description":"Metaversum f\u00fcr Unternehmen","publisher":{"@id":"https:\/\/www.dive3d.ch\/de\/#organization"},"potentialAction":[{"@type":"SearchAction","target":{"@type":"EntryPoint","urlTemplate":"https:\/\/www.dive3d.ch\/de\/?s={search_term_string}"},"query-input":"required name=search_term_string"}],"inLanguage":"de"},{"@type":"Organization","@id":"https:\/\/www.dive3d.ch\/de\/#organization","name":"Atracsys Interactive SA","url":"https:\/\/www.dive3d.ch\/de\/","logo":{"@type":"ImageObject","inLanguage":"de","@id":"https:\/\/www.dive3d.ch\/de\/#\/schema\/logo\/image\/","url":"https:\/\/dive3d.ch\/wp-content\/uploads\/2022\/01\/cropped-Atracsys-Interactive-App-Icon-White512.png","contentUrl":"https:\/\/dive3d.ch\/wp-content\/uploads\/2022\/01\/cropped-Atracsys-Interactive-App-Icon-White512.png","width":512,"height":512,"caption":"Atracsys Interactive SA"},"image":{"@id":"https:\/\/www.dive3d.ch\/de\/#\/schema\/logo\/image\/"}}]}},"_links":{"self":[{"href":"http:\/\/www.dive3d.ch\/de\/wp-json\/wp\/v2\/pages\/1796","targetHints":{"allow":["GET"]}}],"collection":[{"href":"http:\/\/www.dive3d.ch\/de\/wp-json\/wp\/v2\/pages"}],"about":[{"href":"http:\/\/www.dive3d.ch\/de\/wp-json\/wp\/v2\/types\/page"}],"author":[{"embeddable":true,"href":"http:\/\/www.dive3d.ch\/de\/wp-json\/wp\/v2\/users\/1"}],"replies":[{"embeddable":true,"href":"http:\/\/www.dive3d.ch\/de\/wp-json\/wp\/v2\/comments?post=1796"}],"version-history":[{"count":2,"href":"http:\/\/www.dive3d.ch\/de\/wp-json\/wp\/v2\/pages\/1796\/revisions"}],"predecessor-version":[{"id":1802,"href":"http:\/\/www.dive3d.ch\/de\/wp-json\/wp\/v2\/pages\/1796\/revisions\/1802"}],"wp:attachment":[{"href":"http:\/\/www.dive3d.ch\/de\/wp-json\/wp\/v2\/media?parent=1796"}],"curies":[{"name":"wp","href":"https:\/\/api.w.org\/{rel}","templated":true}]}}