{"id":1828,"date":"2022-01-11T15:07:00","date_gmt":"2022-01-11T15:07:00","guid":{"rendered":"https:\/\/dive3d.ch\/hybride-arbeitsbereiche\/"},"modified":"2022-01-11T16:27:02","modified_gmt":"2022-01-11T16:27:02","slug":"hybride-arbeitsbereiche","status":"publish","type":"page","link":"http:\/\/www.dive3d.ch\/de\/hybride-arbeitsbereiche\/","title":{"rendered":"Hybride Arbeitspl\u00e4tze"},"content":{"rendered":"<p>L\u00f6sen Sie das Problem hybrider Arbeitspl\u00e4tze, indem Sie alle Mitarbeiter gleich behandeln. Durch die Schaffung virtueller Arbeitsbereiche, in denen sich alle treffen k\u00f6nnen, wird niemand zur\u00fcckgelassen. Collaboration Boards und andere Tools sind bequem f\u00fcr Teams und\/oder Projekte gruppiert und jederzeit von \u00fcberall zug\u00e4nglich.<\/p>\n","protected":false},"excerpt":{"rendered":"<p>Dive ist Ihr hybrider Arbeitsplatz, der niemanden zur\u00fcckl\u00e4sst.<\/p>\n","protected":false},"author":2,"featured_media":0,"parent":0,"menu_order":0,"comment_status":"closed","ping_status":"closed","template":"","meta":{"_monsterinsights_skip_tracking":false,"_monsterinsights_sitenote_active":false,"_monsterinsights_sitenote_note":"","_monsterinsights_sitenote_category":0,"footnotes":""},"class_list":["post-1828","page","type-page","status-publish","hentry"],"yoast_head":"<!-- This site is optimized with the Yoast SEO plugin v19.14 - https:\/\/yoast.com\/wordpress\/plugins\/seo\/ -->\n<title>Hybride Arbeitspl\u00e4tze - Dive<\/title>\n<meta name=\"robots\" content=\"index, follow, max-snippet:-1, max-image-preview:large, max-video-preview:-1\" \/>\n<link rel=\"canonical\" href=\"http:\/\/www.dive3d.ch\/de\/hybride-arbeitsbereiche\/\" \/>\n<meta property=\"og:locale\" content=\"de_DE\" \/>\n<meta property=\"og:type\" content=\"article\" \/>\n<meta property=\"og:title\" content=\"Hybride Arbeitspl\u00e4tze - Dive\" \/>\n<meta property=\"og:description\" content=\"Dive ist Ihr hybrider Arbeitsplatz, der niemanden zur\u00fcckl\u00e4sst.\" \/>\n<meta property=\"og:url\" content=\"http:\/\/www.dive3d.ch\/de\/hybride-arbeitsbereiche\/\" \/>\n<meta property=\"og:site_name\" content=\"Dive\" \/>\n<meta property=\"article:modified_time\" content=\"2022-01-11T16:27:02+00:00\" \/>\n<meta name=\"twitter:card\" content=\"summary_large_image\" \/>\n<script type=\"application\/ld+json\" class=\"yoast-schema-graph\">{\"@context\":\"https:\/\/schema.org\",\"@graph\":[{\"@type\":\"WebPage\",\"@id\":\"http:\/\/www.dive3d.ch\/de\/hybride-arbeitsbereiche\/\",\"url\":\"http:\/\/www.dive3d.ch\/de\/hybride-arbeitsbereiche\/\",\"name\":\"Hybride Arbeitspl\u00e4tze - Dive\",\"isPartOf\":{\"@id\":\"https:\/\/www.dive3d.ch\/de\/#website\"},\"datePublished\":\"2022-01-11T15:07:00+00:00\",\"dateModified\":\"2022-01-11T16:27:02+00:00\",\"breadcrumb\":{\"@id\":\"http:\/\/www.dive3d.ch\/de\/hybride-arbeitsbereiche\/#breadcrumb\"},\"inLanguage\":\"de\",\"potentialAction\":[{\"@type\":\"ReadAction\",\"target\":[\"http:\/\/www.dive3d.ch\/de\/hybride-arbeitsbereiche\/\"]}]},{\"@type\":\"BreadcrumbList\",\"@id\":\"http:\/\/www.dive3d.ch\/de\/hybride-arbeitsbereiche\/#breadcrumb\",\"itemListElement\":[{\"@type\":\"ListItem\",\"position\":1,\"name\":\"Home\",\"item\":\"http:\/\/www.dive3d.ch\/de\/\"},{\"@type\":\"ListItem\",\"position\":2,\"name\":\"Hybride Arbeitspl\u00e4tze\"}]},{\"@type\":\"WebSite\",\"@id\":\"https:\/\/www.dive3d.ch\/de\/#website\",\"url\":\"https:\/\/www.dive3d.ch\/de\/\",\"name\":\"Dive\",\"description\":\"Metaversum f\u00fcr Unternehmen\",\"publisher\":{\"@id\":\"https:\/\/www.dive3d.ch\/de\/#organization\"},\"potentialAction\":[{\"@type\":\"SearchAction\",\"target\":{\"@type\":\"EntryPoint\",\"urlTemplate\":\"https:\/\/www.dive3d.ch\/de\/?s={search_term_string}\"},\"query-input\":\"required name=search_term_string\"}],\"inLanguage\":\"de\"},{\"@type\":\"Organization\",\"@id\":\"https:\/\/www.dive3d.ch\/de\/#organization\",\"name\":\"Atracsys Interactive SA\",\"url\":\"https:\/\/www.dive3d.ch\/de\/\",\"logo\":{\"@type\":\"ImageObject\",\"inLanguage\":\"de\",\"@id\":\"https:\/\/www.dive3d.ch\/de\/#\/schema\/logo\/image\/\",\"url\":\"https:\/\/dive3d.ch\/wp-content\/uploads\/2022\/01\/cropped-Atracsys-Interactive-App-Icon-White512.png\",\"contentUrl\":\"https:\/\/dive3d.ch\/wp-content\/uploads\/2022\/01\/cropped-Atracsys-Interactive-App-Icon-White512.png\",\"width\":512,\"height\":512,\"caption\":\"Atracsys Interactive SA\"},\"image\":{\"@id\":\"https:\/\/www.dive3d.ch\/de\/#\/schema\/logo\/image\/\"}}]}<\/script>\n<!-- \/ Yoast SEO plugin. -->","yoast_head_json":{"title":"Hybride Arbeitspl\u00e4tze - Dive","robots":{"index":"index","follow":"follow","max-snippet":"max-snippet:-1","max-image-preview":"max-image-preview:large","max-video-preview":"max-video-preview:-1"},"canonical":"http:\/\/www.dive3d.ch\/de\/hybride-arbeitsbereiche\/","og_locale":"de_DE","og_type":"article","og_title":"Hybride Arbeitspl\u00e4tze - Dive","og_description":"Dive ist Ihr hybrider Arbeitsplatz, der niemanden zur\u00fcckl\u00e4sst.","og_url":"http:\/\/www.dive3d.ch\/de\/hybride-arbeitsbereiche\/","og_site_name":"Dive","article_modified_time":"2022-01-11T16:27:02+00:00","twitter_card":"summary_large_image","schema":{"@context":"https:\/\/schema.org","@graph":[{"@type":"WebPage","@id":"http:\/\/www.dive3d.ch\/de\/hybride-arbeitsbereiche\/","url":"http:\/\/www.dive3d.ch\/de\/hybride-arbeitsbereiche\/","name":"Hybride Arbeitspl\u00e4tze - Dive","isPartOf":{"@id":"https:\/\/www.dive3d.ch\/de\/#website"},"datePublished":"2022-01-11T15:07:00+00:00","dateModified":"2022-01-11T16:27:02+00:00","breadcrumb":{"@id":"http:\/\/www.dive3d.ch\/de\/hybride-arbeitsbereiche\/#breadcrumb"},"inLanguage":"de","potentialAction":[{"@type":"ReadAction","target":["http:\/\/www.dive3d.ch\/de\/hybride-arbeitsbereiche\/"]}]},{"@type":"BreadcrumbList","@id":"http:\/\/www.dive3d.ch\/de\/hybride-arbeitsbereiche\/#breadcrumb","itemListElement":[{"@type":"ListItem","position":1,"name":"Home","item":"http:\/\/www.dive3d.ch\/de\/"},{"@type":"ListItem","position":2,"name":"Hybride Arbeitspl\u00e4tze"}]},{"@type":"WebSite","@id":"https:\/\/www.dive3d.ch\/de\/#website","url":"https:\/\/www.dive3d.ch\/de\/","name":"Dive","description":"Metaversum f\u00fcr Unternehmen","publisher":{"@id":"https:\/\/www.dive3d.ch\/de\/#organization"},"potentialAction":[{"@type":"SearchAction","target":{"@type":"EntryPoint","urlTemplate":"https:\/\/www.dive3d.ch\/de\/?s={search_term_string}"},"query-input":"required name=search_term_string"}],"inLanguage":"de"},{"@type":"Organization","@id":"https:\/\/www.dive3d.ch\/de\/#organization","name":"Atracsys Interactive SA","url":"https:\/\/www.dive3d.ch\/de\/","logo":{"@type":"ImageObject","inLanguage":"de","@id":"https:\/\/www.dive3d.ch\/de\/#\/schema\/logo\/image\/","url":"https:\/\/dive3d.ch\/wp-content\/uploads\/2022\/01\/cropped-Atracsys-Interactive-App-Icon-White512.png","contentUrl":"https:\/\/dive3d.ch\/wp-content\/uploads\/2022\/01\/cropped-Atracsys-Interactive-App-Icon-White512.png","width":512,"height":512,"caption":"Atracsys Interactive SA"},"image":{"@id":"https:\/\/www.dive3d.ch\/de\/#\/schema\/logo\/image\/"}}]}},"_links":{"self":[{"href":"http:\/\/www.dive3d.ch\/de\/wp-json\/wp\/v2\/pages\/1828","targetHints":{"allow":["GET"]}}],"collection":[{"href":"http:\/\/www.dive3d.ch\/de\/wp-json\/wp\/v2\/pages"}],"about":[{"href":"http:\/\/www.dive3d.ch\/de\/wp-json\/wp\/v2\/types\/page"}],"author":[{"embeddable":true,"href":"http:\/\/www.dive3d.ch\/de\/wp-json\/wp\/v2\/users\/2"}],"replies":[{"embeddable":true,"href":"http:\/\/www.dive3d.ch\/de\/wp-json\/wp\/v2\/comments?post=1828"}],"version-history":[{"count":2,"href":"http:\/\/www.dive3d.ch\/de\/wp-json\/wp\/v2\/pages\/1828\/revisions"}],"predecessor-version":[{"id":1919,"href":"http:\/\/www.dive3d.ch\/de\/wp-json\/wp\/v2\/pages\/1828\/revisions\/1919"}],"wp:attachment":[{"href":"http:\/\/www.dive3d.ch\/de\/wp-json\/wp\/v2\/media?parent=1828"}],"curies":[{"name":"wp","href":"https:\/\/api.w.org\/{rel}","templated":true}]}}