{"id":1859,"date":"2022-01-11T15:07:04","date_gmt":"2022-01-11T15:07:04","guid":{"rendered":"https:\/\/dive3d.ch\/kunstgalerien-museen\/"},"modified":"2022-01-11T16:24:30","modified_gmt":"2022-01-11T16:24:30","slug":"kunstgalerien-museen","status":"publish","type":"page","link":"http:\/\/www.dive3d.ch\/de\/kunstgalerien-museen\/","title":{"rendered":"Kunstgalerien &amp; Museen"},"content":{"rendered":"<p>Virtuelle Galerien sind eine erstaunliche neue M\u00f6glichkeit, Kunstwerke zu pr\u00e4sentieren. Zum ersten Mal wird Ihre Arbeit in einer realistischen Umgebung erlebbar und dies von \u00fcberall auf der Welt. Organisieren Sie Videokonferenzen, bei denen Sie Besucher pers\u00f6nlich f\u00fchren, um noch mehr Interesse zu wecken.<\/p>\n\n<p><\/p>\n","protected":false},"excerpt":{"rendered":"<p>Virtuelle Galerien sind eine erstaunliche neue M\u00f6glichkeit, Kunstwerke zu pr\u00e4sentieren.<\/p>\n","protected":false},"author":2,"featured_media":0,"parent":0,"menu_order":0,"comment_status":"closed","ping_status":"closed","template":"","meta":{"_monsterinsights_skip_tracking":false,"_monsterinsights_sitenote_active":false,"_monsterinsights_sitenote_note":"","_monsterinsights_sitenote_category":0,"footnotes":""},"class_list":["post-1859","page","type-page","status-publish","hentry"],"yoast_head":"<!-- This site is optimized with the Yoast SEO plugin v19.14 - https:\/\/yoast.com\/wordpress\/plugins\/seo\/ -->\n<title>Kunstgalerien &amp; Museen - Dive<\/title>\n<meta name=\"robots\" content=\"index, follow, max-snippet:-1, max-image-preview:large, max-video-preview:-1\" \/>\n<link rel=\"canonical\" href=\"http:\/\/www.dive3d.ch\/de\/kunstgalerien-museen\/\" \/>\n<meta property=\"og:locale\" content=\"de_DE\" \/>\n<meta property=\"og:type\" content=\"article\" \/>\n<meta property=\"og:title\" content=\"Kunstgalerien &amp; Museen - Dive\" \/>\n<meta property=\"og:description\" content=\"Virtuelle Galerien sind eine erstaunliche neue M\u00f6glichkeit, Kunstwerke zu pr\u00e4sentieren.\" \/>\n<meta property=\"og:url\" content=\"http:\/\/www.dive3d.ch\/de\/kunstgalerien-museen\/\" \/>\n<meta property=\"og:site_name\" content=\"Dive\" \/>\n<meta property=\"article:modified_time\" content=\"2022-01-11T16:24:30+00:00\" \/>\n<meta name=\"twitter:card\" content=\"summary_large_image\" \/>\n<script type=\"application\/ld+json\" class=\"yoast-schema-graph\">{\"@context\":\"https:\/\/schema.org\",\"@graph\":[{\"@type\":\"WebPage\",\"@id\":\"http:\/\/www.dive3d.ch\/de\/kunstgalerien-museen\/\",\"url\":\"http:\/\/www.dive3d.ch\/de\/kunstgalerien-museen\/\",\"name\":\"Kunstgalerien &amp; Museen - Dive\",\"isPartOf\":{\"@id\":\"https:\/\/www.dive3d.ch\/de\/#website\"},\"datePublished\":\"2022-01-11T15:07:04+00:00\",\"dateModified\":\"2022-01-11T16:24:30+00:00\",\"breadcrumb\":{\"@id\":\"http:\/\/www.dive3d.ch\/de\/kunstgalerien-museen\/#breadcrumb\"},\"inLanguage\":\"de\",\"potentialAction\":[{\"@type\":\"ReadAction\",\"target\":[\"http:\/\/www.dive3d.ch\/de\/kunstgalerien-museen\/\"]}]},{\"@type\":\"BreadcrumbList\",\"@id\":\"http:\/\/www.dive3d.ch\/de\/kunstgalerien-museen\/#breadcrumb\",\"itemListElement\":[{\"@type\":\"ListItem\",\"position\":1,\"name\":\"Home\",\"item\":\"http:\/\/www.dive3d.ch\/de\/\"},{\"@type\":\"ListItem\",\"position\":2,\"name\":\"Kunstgalerien &amp; Museen\"}]},{\"@type\":\"WebSite\",\"@id\":\"https:\/\/www.dive3d.ch\/de\/#website\",\"url\":\"https:\/\/www.dive3d.ch\/de\/\",\"name\":\"Dive\",\"description\":\"Metaversum f\u00fcr Unternehmen\",\"publisher\":{\"@id\":\"https:\/\/www.dive3d.ch\/de\/#organization\"},\"potentialAction\":[{\"@type\":\"SearchAction\",\"target\":{\"@type\":\"EntryPoint\",\"urlTemplate\":\"https:\/\/www.dive3d.ch\/de\/?s={search_term_string}\"},\"query-input\":\"required name=search_term_string\"}],\"inLanguage\":\"de\"},{\"@type\":\"Organization\",\"@id\":\"https:\/\/www.dive3d.ch\/de\/#organization\",\"name\":\"Atracsys Interactive SA\",\"url\":\"https:\/\/www.dive3d.ch\/de\/\",\"logo\":{\"@type\":\"ImageObject\",\"inLanguage\":\"de\",\"@id\":\"https:\/\/www.dive3d.ch\/de\/#\/schema\/logo\/image\/\",\"url\":\"https:\/\/dive3d.ch\/wp-content\/uploads\/2022\/01\/cropped-Atracsys-Interactive-App-Icon-White512.png\",\"contentUrl\":\"https:\/\/dive3d.ch\/wp-content\/uploads\/2022\/01\/cropped-Atracsys-Interactive-App-Icon-White512.png\",\"width\":512,\"height\":512,\"caption\":\"Atracsys Interactive SA\"},\"image\":{\"@id\":\"https:\/\/www.dive3d.ch\/de\/#\/schema\/logo\/image\/\"}}]}<\/script>\n<!-- \/ Yoast SEO plugin. -->","yoast_head_json":{"title":"Kunstgalerien &amp; Museen - Dive","robots":{"index":"index","follow":"follow","max-snippet":"max-snippet:-1","max-image-preview":"max-image-preview:large","max-video-preview":"max-video-preview:-1"},"canonical":"http:\/\/www.dive3d.ch\/de\/kunstgalerien-museen\/","og_locale":"de_DE","og_type":"article","og_title":"Kunstgalerien &amp; Museen - Dive","og_description":"Virtuelle Galerien sind eine erstaunliche neue M\u00f6glichkeit, Kunstwerke zu pr\u00e4sentieren.","og_url":"http:\/\/www.dive3d.ch\/de\/kunstgalerien-museen\/","og_site_name":"Dive","article_modified_time":"2022-01-11T16:24:30+00:00","twitter_card":"summary_large_image","schema":{"@context":"https:\/\/schema.org","@graph":[{"@type":"WebPage","@id":"http:\/\/www.dive3d.ch\/de\/kunstgalerien-museen\/","url":"http:\/\/www.dive3d.ch\/de\/kunstgalerien-museen\/","name":"Kunstgalerien &amp; Museen - Dive","isPartOf":{"@id":"https:\/\/www.dive3d.ch\/de\/#website"},"datePublished":"2022-01-11T15:07:04+00:00","dateModified":"2022-01-11T16:24:30+00:00","breadcrumb":{"@id":"http:\/\/www.dive3d.ch\/de\/kunstgalerien-museen\/#breadcrumb"},"inLanguage":"de","potentialAction":[{"@type":"ReadAction","target":["http:\/\/www.dive3d.ch\/de\/kunstgalerien-museen\/"]}]},{"@type":"BreadcrumbList","@id":"http:\/\/www.dive3d.ch\/de\/kunstgalerien-museen\/#breadcrumb","itemListElement":[{"@type":"ListItem","position":1,"name":"Home","item":"http:\/\/www.dive3d.ch\/de\/"},{"@type":"ListItem","position":2,"name":"Kunstgalerien &amp; Museen"}]},{"@type":"WebSite","@id":"https:\/\/www.dive3d.ch\/de\/#website","url":"https:\/\/www.dive3d.ch\/de\/","name":"Dive","description":"Metaversum f\u00fcr Unternehmen","publisher":{"@id":"https:\/\/www.dive3d.ch\/de\/#organization"},"potentialAction":[{"@type":"SearchAction","target":{"@type":"EntryPoint","urlTemplate":"https:\/\/www.dive3d.ch\/de\/?s={search_term_string}"},"query-input":"required name=search_term_string"}],"inLanguage":"de"},{"@type":"Organization","@id":"https:\/\/www.dive3d.ch\/de\/#organization","name":"Atracsys Interactive SA","url":"https:\/\/www.dive3d.ch\/de\/","logo":{"@type":"ImageObject","inLanguage":"de","@id":"https:\/\/www.dive3d.ch\/de\/#\/schema\/logo\/image\/","url":"https:\/\/dive3d.ch\/wp-content\/uploads\/2022\/01\/cropped-Atracsys-Interactive-App-Icon-White512.png","contentUrl":"https:\/\/dive3d.ch\/wp-content\/uploads\/2022\/01\/cropped-Atracsys-Interactive-App-Icon-White512.png","width":512,"height":512,"caption":"Atracsys Interactive SA"},"image":{"@id":"https:\/\/www.dive3d.ch\/de\/#\/schema\/logo\/image\/"}}]}},"_links":{"self":[{"href":"http:\/\/www.dive3d.ch\/de\/wp-json\/wp\/v2\/pages\/1859","targetHints":{"allow":["GET"]}}],"collection":[{"href":"http:\/\/www.dive3d.ch\/de\/wp-json\/wp\/v2\/pages"}],"about":[{"href":"http:\/\/www.dive3d.ch\/de\/wp-json\/wp\/v2\/types\/page"}],"author":[{"embeddable":true,"href":"http:\/\/www.dive3d.ch\/de\/wp-json\/wp\/v2\/users\/2"}],"replies":[{"embeddable":true,"href":"http:\/\/www.dive3d.ch\/de\/wp-json\/wp\/v2\/comments?post=1859"}],"version-history":[{"count":7,"href":"http:\/\/www.dive3d.ch\/de\/wp-json\/wp\/v2\/pages\/1859\/revisions"}],"predecessor-version":[{"id":1918,"href":"http:\/\/www.dive3d.ch\/de\/wp-json\/wp\/v2\/pages\/1859\/revisions\/1918"}],"wp:attachment":[{"href":"http:\/\/www.dive3d.ch\/de\/wp-json\/wp\/v2\/media?parent=1859"}],"curies":[{"name":"wp","href":"https:\/\/api.w.org\/{rel}","templated":true}]}}