{"id":1785,"date":"2022-01-11T15:06:50","date_gmt":"2022-01-11T15:06:50","guid":{"rendered":"https:\/\/dive3d.ch\/espaces-de-travail-hybrides\/"},"modified":"2022-01-25T10:46:48","modified_gmt":"2022-01-25T09:46:48","slug":"espaces-de-travail-hybrides","status":"publish","type":"page","link":"http:\/\/www.dive3d.ch\/fr\/espaces-de-travail-hybrides\/","title":{"rendered":"Espaces de travail hybrides"},"content":{"rendered":"<p>R\u00e9solvez le probl\u00e8me des espaces de travail hybrides en traitant tous les employ\u00e9s de mani\u00e8re \u00e9gale. En cr\u00e9ant des espaces de travail virtuels o\u00f9 tout le monde peut se rencontrer, personne n&#8217;est laiss\u00e9 pour compte. Les tableaux de collaboration et autres outils sont regroup\u00e9s de mani\u00e8re pratique pour les \u00e9quipes et\/ou les projets, accessibles \u00e0 tout moment et de partout.<\/p>\n","protected":false},"excerpt":{"rendered":"<p>Dive est votre espace de travail hybride, \u00e0 la fronti\u00e8re entre r\u00e9el et virtuel, qui ne laisse personne de c\u00f4t\u00e9.<\/p>\n","protected":false},"author":2,"featured_media":0,"parent":0,"menu_order":0,"comment_status":"closed","ping_status":"closed","template":"","meta":{"_monsterinsights_skip_tracking":false,"_monsterinsights_sitenote_active":false,"_monsterinsights_sitenote_note":"","_monsterinsights_sitenote_category":0,"footnotes":""},"class_list":["post-1785","page","type-page","status-publish","hentry"],"yoast_head":"<!-- This site is optimized with the Yoast SEO plugin v19.14 - https:\/\/yoast.com\/wordpress\/plugins\/seo\/ -->\n<title>Espaces de travail hybrides - Dive<\/title>\n<meta name=\"robots\" content=\"index, follow, max-snippet:-1, max-image-preview:large, max-video-preview:-1\" \/>\n<link rel=\"canonical\" href=\"http:\/\/www.dive3d.ch\/fr\/espaces-de-travail-hybrides\/\" \/>\n<meta property=\"og:locale\" content=\"fr_FR\" \/>\n<meta property=\"og:type\" content=\"article\" \/>\n<meta property=\"og:title\" content=\"Espaces de travail hybrides - Dive\" \/>\n<meta property=\"og:description\" content=\"Dive est votre espace de travail hybride, \u00e0 la fronti\u00e8re entre r\u00e9el et virtuel, qui ne laisse personne de c\u00f4t\u00e9.\" \/>\n<meta property=\"og:url\" content=\"http:\/\/www.dive3d.ch\/fr\/espaces-de-travail-hybrides\/\" \/>\n<meta property=\"og:site_name\" content=\"Dive\" \/>\n<meta property=\"article:modified_time\" content=\"2022-01-25T09:46:48+00:00\" \/>\n<meta name=\"twitter:card\" content=\"summary_large_image\" \/>\n<script type=\"application\/ld+json\" class=\"yoast-schema-graph\">{\"@context\":\"https:\/\/schema.org\",\"@graph\":[{\"@type\":\"WebPage\",\"@id\":\"http:\/\/www.dive3d.ch\/fr\/espaces-de-travail-hybrides\/\",\"url\":\"http:\/\/www.dive3d.ch\/fr\/espaces-de-travail-hybrides\/\",\"name\":\"Espaces de travail hybrides - Dive\",\"isPartOf\":{\"@id\":\"https:\/\/www.dive3d.ch\/fr\/#website\"},\"datePublished\":\"2022-01-11T15:06:50+00:00\",\"dateModified\":\"2022-01-25T09:46:48+00:00\",\"breadcrumb\":{\"@id\":\"http:\/\/www.dive3d.ch\/fr\/espaces-de-travail-hybrides\/#breadcrumb\"},\"inLanguage\":\"fr-FR\",\"potentialAction\":[{\"@type\":\"ReadAction\",\"target\":[\"http:\/\/www.dive3d.ch\/fr\/espaces-de-travail-hybrides\/\"]}]},{\"@type\":\"BreadcrumbList\",\"@id\":\"http:\/\/www.dive3d.ch\/fr\/espaces-de-travail-hybrides\/#breadcrumb\",\"itemListElement\":[{\"@type\":\"ListItem\",\"position\":1,\"name\":\"Home\",\"item\":\"https:\/\/www.dive3d.ch\/fr\/\"},{\"@type\":\"ListItem\",\"position\":2,\"name\":\"Espaces de travail hybrides\"}]},{\"@type\":\"WebSite\",\"@id\":\"https:\/\/www.dive3d.ch\/fr\/#website\",\"url\":\"https:\/\/www.dive3d.ch\/fr\/\",\"name\":\"Dive\",\"description\":\"M\u00e9tavers d'entreprise\",\"publisher\":{\"@id\":\"https:\/\/www.dive3d.ch\/fr\/#organization\"},\"potentialAction\":[{\"@type\":\"SearchAction\",\"target\":{\"@type\":\"EntryPoint\",\"urlTemplate\":\"https:\/\/www.dive3d.ch\/fr\/?s={search_term_string}\"},\"query-input\":\"required name=search_term_string\"}],\"inLanguage\":\"fr-FR\"},{\"@type\":\"Organization\",\"@id\":\"https:\/\/www.dive3d.ch\/fr\/#organization\",\"name\":\"Atracsys Interactive SA\",\"url\":\"https:\/\/www.dive3d.ch\/fr\/\",\"logo\":{\"@type\":\"ImageObject\",\"inLanguage\":\"fr-FR\",\"@id\":\"https:\/\/www.dive3d.ch\/fr\/#\/schema\/logo\/image\/\",\"url\":\"https:\/\/dive3d.ch\/wp-content\/uploads\/2022\/01\/cropped-Atracsys-Interactive-App-Icon-White512.png\",\"contentUrl\":\"https:\/\/dive3d.ch\/wp-content\/uploads\/2022\/01\/cropped-Atracsys-Interactive-App-Icon-White512.png\",\"width\":512,\"height\":512,\"caption\":\"Atracsys Interactive SA\"},\"image\":{\"@id\":\"https:\/\/www.dive3d.ch\/fr\/#\/schema\/logo\/image\/\"}}]}<\/script>\n<!-- \/ Yoast SEO plugin. -->","yoast_head_json":{"title":"Espaces de travail hybrides - Dive","robots":{"index":"index","follow":"follow","max-snippet":"max-snippet:-1","max-image-preview":"max-image-preview:large","max-video-preview":"max-video-preview:-1"},"canonical":"http:\/\/www.dive3d.ch\/fr\/espaces-de-travail-hybrides\/","og_locale":"fr_FR","og_type":"article","og_title":"Espaces de travail hybrides - Dive","og_description":"Dive est votre espace de travail hybride, \u00e0 la fronti\u00e8re entre r\u00e9el et virtuel, qui ne laisse personne de c\u00f4t\u00e9.","og_url":"http:\/\/www.dive3d.ch\/fr\/espaces-de-travail-hybrides\/","og_site_name":"Dive","article_modified_time":"2022-01-25T09:46:48+00:00","twitter_card":"summary_large_image","schema":{"@context":"https:\/\/schema.org","@graph":[{"@type":"WebPage","@id":"http:\/\/www.dive3d.ch\/fr\/espaces-de-travail-hybrides\/","url":"http:\/\/www.dive3d.ch\/fr\/espaces-de-travail-hybrides\/","name":"Espaces de travail hybrides - Dive","isPartOf":{"@id":"https:\/\/www.dive3d.ch\/fr\/#website"},"datePublished":"2022-01-11T15:06:50+00:00","dateModified":"2022-01-25T09:46:48+00:00","breadcrumb":{"@id":"http:\/\/www.dive3d.ch\/fr\/espaces-de-travail-hybrides\/#breadcrumb"},"inLanguage":"fr-FR","potentialAction":[{"@type":"ReadAction","target":["http:\/\/www.dive3d.ch\/fr\/espaces-de-travail-hybrides\/"]}]},{"@type":"BreadcrumbList","@id":"http:\/\/www.dive3d.ch\/fr\/espaces-de-travail-hybrides\/#breadcrumb","itemListElement":[{"@type":"ListItem","position":1,"name":"Home","item":"https:\/\/www.dive3d.ch\/fr\/"},{"@type":"ListItem","position":2,"name":"Espaces de travail hybrides"}]},{"@type":"WebSite","@id":"https:\/\/www.dive3d.ch\/fr\/#website","url":"https:\/\/www.dive3d.ch\/fr\/","name":"Dive","description":"M\u00e9tavers d'entreprise","publisher":{"@id":"https:\/\/www.dive3d.ch\/fr\/#organization"},"potentialAction":[{"@type":"SearchAction","target":{"@type":"EntryPoint","urlTemplate":"https:\/\/www.dive3d.ch\/fr\/?s={search_term_string}"},"query-input":"required name=search_term_string"}],"inLanguage":"fr-FR"},{"@type":"Organization","@id":"https:\/\/www.dive3d.ch\/fr\/#organization","name":"Atracsys Interactive SA","url":"https:\/\/www.dive3d.ch\/fr\/","logo":{"@type":"ImageObject","inLanguage":"fr-FR","@id":"https:\/\/www.dive3d.ch\/fr\/#\/schema\/logo\/image\/","url":"https:\/\/dive3d.ch\/wp-content\/uploads\/2022\/01\/cropped-Atracsys-Interactive-App-Icon-White512.png","contentUrl":"https:\/\/dive3d.ch\/wp-content\/uploads\/2022\/01\/cropped-Atracsys-Interactive-App-Icon-White512.png","width":512,"height":512,"caption":"Atracsys Interactive SA"},"image":{"@id":"https:\/\/www.dive3d.ch\/fr\/#\/schema\/logo\/image\/"}}]}},"_links":{"self":[{"href":"http:\/\/www.dive3d.ch\/fr\/wp-json\/wp\/v2\/pages\/1785","targetHints":{"allow":["GET"]}}],"collection":[{"href":"http:\/\/www.dive3d.ch\/fr\/wp-json\/wp\/v2\/pages"}],"about":[{"href":"http:\/\/www.dive3d.ch\/fr\/wp-json\/wp\/v2\/types\/page"}],"author":[{"embeddable":true,"href":"http:\/\/www.dive3d.ch\/fr\/wp-json\/wp\/v2\/users\/2"}],"replies":[{"embeddable":true,"href":"http:\/\/www.dive3d.ch\/fr\/wp-json\/wp\/v2\/comments?post=1785"}],"version-history":[{"count":2,"href":"http:\/\/www.dive3d.ch\/fr\/wp-json\/wp\/v2\/pages\/1785\/revisions"}],"predecessor-version":[{"id":2102,"href":"http:\/\/www.dive3d.ch\/fr\/wp-json\/wp\/v2\/pages\/1785\/revisions\/2102"}],"wp:attachment":[{"href":"http:\/\/www.dive3d.ch\/fr\/wp-json\/wp\/v2\/media?parent=1785"}],"curies":[{"name":"wp","href":"https:\/\/api.w.org\/{rel}","templated":true}]}}