{"id":1792,"date":"2022-01-11T15:06:53","date_gmt":"2022-01-11T15:06:53","guid":{"rendered":"https:\/\/dive3d.ch\/galeries-dart-et-musees\/"},"modified":"2022-01-28T11:22:37","modified_gmt":"2022-01-28T10:22:37","slug":"galeries-dart-et-musees","status":"publish","type":"page","link":"http:\/\/www.dive3d.ch\/fr\/galeries-dart-et-musees\/","title":{"rendered":"Galeries d&#8217;art et mus\u00e9es"},"content":{"rendered":"<p>Les galeries virtuelles sont une nouvelle opportunit\u00e9 incroyable de pr\u00e9senter des \u0153uvres d&#8217;art. Pour la premi\u00e8re fois, vous pouvez laisser le monde entier d\u00e9couvrir votre travail dans un environnement r\u00e9aliste. Organisez des visioconf\u00e9rences o\u00f9 vous guidez personnellement les visiteurs pour susciter encore plus d&#8217;int\u00e9r\u00eat.<\/p>\n\n<p><\/p>\n","protected":false},"excerpt":{"rendered":"<p>Les galeries virtuelles sont une nouvelle opportunit\u00e9 incroyable de pr\u00e9senter des \u0153uvres d&#8217;art.<\/p>\n","protected":false},"author":2,"featured_media":0,"parent":0,"menu_order":0,"comment_status":"closed","ping_status":"closed","template":"","meta":{"_monsterinsights_skip_tracking":false,"_monsterinsights_sitenote_active":false,"_monsterinsights_sitenote_note":"","_monsterinsights_sitenote_category":0,"footnotes":""},"class_list":["post-1792","page","type-page","status-publish","hentry"],"yoast_head":"<!-- This site is optimized with the Yoast SEO plugin v19.14 - https:\/\/yoast.com\/wordpress\/plugins\/seo\/ -->\n<title>Galeries d&#039;art et mus\u00e9es - Dive<\/title>\n<meta name=\"robots\" content=\"index, follow, max-snippet:-1, max-image-preview:large, max-video-preview:-1\" \/>\n<link rel=\"canonical\" href=\"http:\/\/www.dive3d.ch\/fr\/galeries-dart-et-musees\/\" \/>\n<meta property=\"og:locale\" content=\"fr_FR\" \/>\n<meta property=\"og:type\" content=\"article\" \/>\n<meta property=\"og:title\" content=\"Galeries d&#039;art et mus\u00e9es - Dive\" \/>\n<meta property=\"og:description\" content=\"Les galeries virtuelles sont une nouvelle opportunit\u00e9 incroyable de pr\u00e9senter des \u0153uvres d&#039;art.\" \/>\n<meta property=\"og:url\" content=\"http:\/\/www.dive3d.ch\/fr\/galeries-dart-et-musees\/\" \/>\n<meta property=\"og:site_name\" content=\"Dive\" \/>\n<meta property=\"article:modified_time\" content=\"2022-01-28T10:22:37+00:00\" \/>\n<meta name=\"twitter:card\" content=\"summary_large_image\" \/>\n<script type=\"application\/ld+json\" class=\"yoast-schema-graph\">{\"@context\":\"https:\/\/schema.org\",\"@graph\":[{\"@type\":\"WebPage\",\"@id\":\"http:\/\/www.dive3d.ch\/fr\/galeries-dart-et-musees\/\",\"url\":\"http:\/\/www.dive3d.ch\/fr\/galeries-dart-et-musees\/\",\"name\":\"Galeries d'art et mus\u00e9es - Dive\",\"isPartOf\":{\"@id\":\"https:\/\/www.dive3d.ch\/fr\/#website\"},\"datePublished\":\"2022-01-11T15:06:53+00:00\",\"dateModified\":\"2022-01-28T10:22:37+00:00\",\"breadcrumb\":{\"@id\":\"http:\/\/www.dive3d.ch\/fr\/galeries-dart-et-musees\/#breadcrumb\"},\"inLanguage\":\"fr-FR\",\"potentialAction\":[{\"@type\":\"ReadAction\",\"target\":[\"http:\/\/www.dive3d.ch\/fr\/galeries-dart-et-musees\/\"]}]},{\"@type\":\"BreadcrumbList\",\"@id\":\"http:\/\/www.dive3d.ch\/fr\/galeries-dart-et-musees\/#breadcrumb\",\"itemListElement\":[{\"@type\":\"ListItem\",\"position\":1,\"name\":\"Home\",\"item\":\"https:\/\/www.dive3d.ch\/fr\/\"},{\"@type\":\"ListItem\",\"position\":2,\"name\":\"Galeries d&#8217;art et mus\u00e9es\"}]},{\"@type\":\"WebSite\",\"@id\":\"https:\/\/www.dive3d.ch\/fr\/#website\",\"url\":\"https:\/\/www.dive3d.ch\/fr\/\",\"name\":\"Dive\",\"description\":\"M\u00e9tavers d'entreprise\",\"publisher\":{\"@id\":\"https:\/\/www.dive3d.ch\/fr\/#organization\"},\"potentialAction\":[{\"@type\":\"SearchAction\",\"target\":{\"@type\":\"EntryPoint\",\"urlTemplate\":\"https:\/\/www.dive3d.ch\/fr\/?s={search_term_string}\"},\"query-input\":\"required name=search_term_string\"}],\"inLanguage\":\"fr-FR\"},{\"@type\":\"Organization\",\"@id\":\"https:\/\/www.dive3d.ch\/fr\/#organization\",\"name\":\"Atracsys Interactive SA\",\"url\":\"https:\/\/www.dive3d.ch\/fr\/\",\"logo\":{\"@type\":\"ImageObject\",\"inLanguage\":\"fr-FR\",\"@id\":\"https:\/\/www.dive3d.ch\/fr\/#\/schema\/logo\/image\/\",\"url\":\"https:\/\/dive3d.ch\/wp-content\/uploads\/2022\/01\/cropped-Atracsys-Interactive-App-Icon-White512.png\",\"contentUrl\":\"https:\/\/dive3d.ch\/wp-content\/uploads\/2022\/01\/cropped-Atracsys-Interactive-App-Icon-White512.png\",\"width\":512,\"height\":512,\"caption\":\"Atracsys Interactive SA\"},\"image\":{\"@id\":\"https:\/\/www.dive3d.ch\/fr\/#\/schema\/logo\/image\/\"}}]}<\/script>\n<!-- \/ Yoast SEO plugin. -->","yoast_head_json":{"title":"Galeries d'art et mus\u00e9es - Dive","robots":{"index":"index","follow":"follow","max-snippet":"max-snippet:-1","max-image-preview":"max-image-preview:large","max-video-preview":"max-video-preview:-1"},"canonical":"http:\/\/www.dive3d.ch\/fr\/galeries-dart-et-musees\/","og_locale":"fr_FR","og_type":"article","og_title":"Galeries d'art et mus\u00e9es - Dive","og_description":"Les galeries virtuelles sont une nouvelle opportunit\u00e9 incroyable de pr\u00e9senter des \u0153uvres d'art.","og_url":"http:\/\/www.dive3d.ch\/fr\/galeries-dart-et-musees\/","og_site_name":"Dive","article_modified_time":"2022-01-28T10:22:37+00:00","twitter_card":"summary_large_image","schema":{"@context":"https:\/\/schema.org","@graph":[{"@type":"WebPage","@id":"http:\/\/www.dive3d.ch\/fr\/galeries-dart-et-musees\/","url":"http:\/\/www.dive3d.ch\/fr\/galeries-dart-et-musees\/","name":"Galeries d'art et mus\u00e9es - Dive","isPartOf":{"@id":"https:\/\/www.dive3d.ch\/fr\/#website"},"datePublished":"2022-01-11T15:06:53+00:00","dateModified":"2022-01-28T10:22:37+00:00","breadcrumb":{"@id":"http:\/\/www.dive3d.ch\/fr\/galeries-dart-et-musees\/#breadcrumb"},"inLanguage":"fr-FR","potentialAction":[{"@type":"ReadAction","target":["http:\/\/www.dive3d.ch\/fr\/galeries-dart-et-musees\/"]}]},{"@type":"BreadcrumbList","@id":"http:\/\/www.dive3d.ch\/fr\/galeries-dart-et-musees\/#breadcrumb","itemListElement":[{"@type":"ListItem","position":1,"name":"Home","item":"https:\/\/www.dive3d.ch\/fr\/"},{"@type":"ListItem","position":2,"name":"Galeries d&#8217;art et mus\u00e9es"}]},{"@type":"WebSite","@id":"https:\/\/www.dive3d.ch\/fr\/#website","url":"https:\/\/www.dive3d.ch\/fr\/","name":"Dive","description":"M\u00e9tavers d'entreprise","publisher":{"@id":"https:\/\/www.dive3d.ch\/fr\/#organization"},"potentialAction":[{"@type":"SearchAction","target":{"@type":"EntryPoint","urlTemplate":"https:\/\/www.dive3d.ch\/fr\/?s={search_term_string}"},"query-input":"required name=search_term_string"}],"inLanguage":"fr-FR"},{"@type":"Organization","@id":"https:\/\/www.dive3d.ch\/fr\/#organization","name":"Atracsys Interactive SA","url":"https:\/\/www.dive3d.ch\/fr\/","logo":{"@type":"ImageObject","inLanguage":"fr-FR","@id":"https:\/\/www.dive3d.ch\/fr\/#\/schema\/logo\/image\/","url":"https:\/\/dive3d.ch\/wp-content\/uploads\/2022\/01\/cropped-Atracsys-Interactive-App-Icon-White512.png","contentUrl":"https:\/\/dive3d.ch\/wp-content\/uploads\/2022\/01\/cropped-Atracsys-Interactive-App-Icon-White512.png","width":512,"height":512,"caption":"Atracsys Interactive SA"},"image":{"@id":"https:\/\/www.dive3d.ch\/fr\/#\/schema\/logo\/image\/"}}]}},"_links":{"self":[{"href":"http:\/\/www.dive3d.ch\/fr\/wp-json\/wp\/v2\/pages\/1792","targetHints":{"allow":["GET"]}}],"collection":[{"href":"http:\/\/www.dive3d.ch\/fr\/wp-json\/wp\/v2\/pages"}],"about":[{"href":"http:\/\/www.dive3d.ch\/fr\/wp-json\/wp\/v2\/types\/page"}],"author":[{"embeddable":true,"href":"http:\/\/www.dive3d.ch\/fr\/wp-json\/wp\/v2\/users\/2"}],"replies":[{"embeddable":true,"href":"http:\/\/www.dive3d.ch\/fr\/wp-json\/wp\/v2\/comments?post=1792"}],"version-history":[{"count":6,"href":"http:\/\/www.dive3d.ch\/fr\/wp-json\/wp\/v2\/pages\/1792\/revisions"}],"predecessor-version":[{"id":2119,"href":"http:\/\/www.dive3d.ch\/fr\/wp-json\/wp\/v2\/pages\/1792\/revisions\/2119"}],"wp:attachment":[{"href":"http:\/\/www.dive3d.ch\/fr\/wp-json\/wp\/v2\/media?parent=1792"}],"curies":[{"name":"wp","href":"https:\/\/api.w.org\/{rel}","templated":true}]}}