{"id":1829,"date":"2022-01-11T15:07:00","date_gmt":"2022-01-11T15:07:00","guid":{"rendered":"https:\/\/dive3d.ch\/jumeaux-numeriques\/"},"modified":"2022-01-11T16:28:17","modified_gmt":"2022-01-11T16:28:17","slug":"jumeaux-numeriques","status":"publish","type":"page","link":"http:\/\/www.dive3d.ch\/fr\/jumeaux-numeriques\/","title":{"rendered":"Digital Twins"},"content":{"rendered":"<p>Les nombreux avantages des jumeaux num\u00e9riques sont ind\u00e9niables. En cr\u00e9ant des jumeaux num\u00e9riques de produits, de b\u00e2timents, d&#8217;\u0153uvres d&#8217;art, etc., vous pouvez d\u00e9sormais donner acc\u00e8s \u00e0 ces actifs dans un m\u00e9taverse d&#8217;entreprise et utiliser pleinement les derni\u00e8res possibilit\u00e9s technologiques et b\u00e9n\u00e9ficier \u00e0 long terme d&#8217;\u00e9normes \u00e9conomies.<\/p>\n\n<p><\/p>\n","protected":false},"excerpt":{"rendered":"<p>Cr\u00e9ez et donnez un acc\u00e8s imm\u00e9diat aux digital twins (jumeaux num\u00e9riques) de vos produits, \u0153uvres d&#8217;art, b\u00e2timents.<\/p>\n","protected":false},"author":2,"featured_media":0,"parent":0,"menu_order":0,"comment_status":"closed","ping_status":"closed","template":"","meta":{"_monsterinsights_skip_tracking":false,"_monsterinsights_sitenote_active":false,"_monsterinsights_sitenote_note":"","_monsterinsights_sitenote_category":0,"footnotes":""},"class_list":["post-1829","page","type-page","status-publish","hentry"],"yoast_head":"<!-- This site is optimized with the Yoast SEO plugin v19.14 - https:\/\/yoast.com\/wordpress\/plugins\/seo\/ -->\n<title>Digital Twins - Dive<\/title>\n<meta name=\"robots\" content=\"index, follow, max-snippet:-1, max-image-preview:large, max-video-preview:-1\" \/>\n<link rel=\"canonical\" href=\"http:\/\/www.dive3d.ch\/fr\/jumeaux-numeriques\/\" \/>\n<meta property=\"og:locale\" content=\"fr_FR\" \/>\n<meta property=\"og:type\" content=\"article\" \/>\n<meta property=\"og:title\" content=\"Digital Twins - Dive\" \/>\n<meta property=\"og:description\" content=\"Cr\u00e9ez et donnez un acc\u00e8s imm\u00e9diat aux digital twins (jumeaux num\u00e9riques) de vos produits, \u0153uvres d&#039;art, b\u00e2timents.\" \/>\n<meta property=\"og:url\" content=\"http:\/\/www.dive3d.ch\/fr\/jumeaux-numeriques\/\" \/>\n<meta property=\"og:site_name\" content=\"Dive\" \/>\n<meta property=\"article:modified_time\" content=\"2022-01-11T16:28:17+00:00\" \/>\n<meta name=\"twitter:card\" content=\"summary_large_image\" \/>\n<script type=\"application\/ld+json\" class=\"yoast-schema-graph\">{\"@context\":\"https:\/\/schema.org\",\"@graph\":[{\"@type\":\"WebPage\",\"@id\":\"http:\/\/www.dive3d.ch\/fr\/jumeaux-numeriques\/\",\"url\":\"http:\/\/www.dive3d.ch\/fr\/jumeaux-numeriques\/\",\"name\":\"Digital Twins - Dive\",\"isPartOf\":{\"@id\":\"https:\/\/www.dive3d.ch\/fr\/#website\"},\"datePublished\":\"2022-01-11T15:07:00+00:00\",\"dateModified\":\"2022-01-11T16:28:17+00:00\",\"breadcrumb\":{\"@id\":\"http:\/\/www.dive3d.ch\/fr\/jumeaux-numeriques\/#breadcrumb\"},\"inLanguage\":\"fr-FR\",\"potentialAction\":[{\"@type\":\"ReadAction\",\"target\":[\"http:\/\/www.dive3d.ch\/fr\/jumeaux-numeriques\/\"]}]},{\"@type\":\"BreadcrumbList\",\"@id\":\"http:\/\/www.dive3d.ch\/fr\/jumeaux-numeriques\/#breadcrumb\",\"itemListElement\":[{\"@type\":\"ListItem\",\"position\":1,\"name\":\"Home\",\"item\":\"https:\/\/www.dive3d.ch\/fr\/\"},{\"@type\":\"ListItem\",\"position\":2,\"name\":\"Digital Twins\"}]},{\"@type\":\"WebSite\",\"@id\":\"https:\/\/www.dive3d.ch\/fr\/#website\",\"url\":\"https:\/\/www.dive3d.ch\/fr\/\",\"name\":\"Dive\",\"description\":\"M\u00e9tavers d'entreprise\",\"publisher\":{\"@id\":\"https:\/\/www.dive3d.ch\/fr\/#organization\"},\"potentialAction\":[{\"@type\":\"SearchAction\",\"target\":{\"@type\":\"EntryPoint\",\"urlTemplate\":\"https:\/\/www.dive3d.ch\/fr\/?s={search_term_string}\"},\"query-input\":\"required name=search_term_string\"}],\"inLanguage\":\"fr-FR\"},{\"@type\":\"Organization\",\"@id\":\"https:\/\/www.dive3d.ch\/fr\/#organization\",\"name\":\"Atracsys Interactive SA\",\"url\":\"https:\/\/www.dive3d.ch\/fr\/\",\"logo\":{\"@type\":\"ImageObject\",\"inLanguage\":\"fr-FR\",\"@id\":\"https:\/\/www.dive3d.ch\/fr\/#\/schema\/logo\/image\/\",\"url\":\"https:\/\/dive3d.ch\/wp-content\/uploads\/2022\/01\/cropped-Atracsys-Interactive-App-Icon-White512.png\",\"contentUrl\":\"https:\/\/dive3d.ch\/wp-content\/uploads\/2022\/01\/cropped-Atracsys-Interactive-App-Icon-White512.png\",\"width\":512,\"height\":512,\"caption\":\"Atracsys Interactive SA\"},\"image\":{\"@id\":\"https:\/\/www.dive3d.ch\/fr\/#\/schema\/logo\/image\/\"}}]}<\/script>\n<!-- \/ Yoast SEO plugin. -->","yoast_head_json":{"title":"Digital Twins - Dive","robots":{"index":"index","follow":"follow","max-snippet":"max-snippet:-1","max-image-preview":"max-image-preview:large","max-video-preview":"max-video-preview:-1"},"canonical":"http:\/\/www.dive3d.ch\/fr\/jumeaux-numeriques\/","og_locale":"fr_FR","og_type":"article","og_title":"Digital Twins - Dive","og_description":"Cr\u00e9ez et donnez un acc\u00e8s imm\u00e9diat aux digital twins (jumeaux num\u00e9riques) de vos produits, \u0153uvres d'art, b\u00e2timents.","og_url":"http:\/\/www.dive3d.ch\/fr\/jumeaux-numeriques\/","og_site_name":"Dive","article_modified_time":"2022-01-11T16:28:17+00:00","twitter_card":"summary_large_image","schema":{"@context":"https:\/\/schema.org","@graph":[{"@type":"WebPage","@id":"http:\/\/www.dive3d.ch\/fr\/jumeaux-numeriques\/","url":"http:\/\/www.dive3d.ch\/fr\/jumeaux-numeriques\/","name":"Digital Twins - Dive","isPartOf":{"@id":"https:\/\/www.dive3d.ch\/fr\/#website"},"datePublished":"2022-01-11T15:07:00+00:00","dateModified":"2022-01-11T16:28:17+00:00","breadcrumb":{"@id":"http:\/\/www.dive3d.ch\/fr\/jumeaux-numeriques\/#breadcrumb"},"inLanguage":"fr-FR","potentialAction":[{"@type":"ReadAction","target":["http:\/\/www.dive3d.ch\/fr\/jumeaux-numeriques\/"]}]},{"@type":"BreadcrumbList","@id":"http:\/\/www.dive3d.ch\/fr\/jumeaux-numeriques\/#breadcrumb","itemListElement":[{"@type":"ListItem","position":1,"name":"Home","item":"https:\/\/www.dive3d.ch\/fr\/"},{"@type":"ListItem","position":2,"name":"Digital Twins"}]},{"@type":"WebSite","@id":"https:\/\/www.dive3d.ch\/fr\/#website","url":"https:\/\/www.dive3d.ch\/fr\/","name":"Dive","description":"M\u00e9tavers d'entreprise","publisher":{"@id":"https:\/\/www.dive3d.ch\/fr\/#organization"},"potentialAction":[{"@type":"SearchAction","target":{"@type":"EntryPoint","urlTemplate":"https:\/\/www.dive3d.ch\/fr\/?s={search_term_string}"},"query-input":"required name=search_term_string"}],"inLanguage":"fr-FR"},{"@type":"Organization","@id":"https:\/\/www.dive3d.ch\/fr\/#organization","name":"Atracsys Interactive SA","url":"https:\/\/www.dive3d.ch\/fr\/","logo":{"@type":"ImageObject","inLanguage":"fr-FR","@id":"https:\/\/www.dive3d.ch\/fr\/#\/schema\/logo\/image\/","url":"https:\/\/dive3d.ch\/wp-content\/uploads\/2022\/01\/cropped-Atracsys-Interactive-App-Icon-White512.png","contentUrl":"https:\/\/dive3d.ch\/wp-content\/uploads\/2022\/01\/cropped-Atracsys-Interactive-App-Icon-White512.png","width":512,"height":512,"caption":"Atracsys Interactive SA"},"image":{"@id":"https:\/\/www.dive3d.ch\/fr\/#\/schema\/logo\/image\/"}}]}},"_links":{"self":[{"href":"http:\/\/www.dive3d.ch\/fr\/wp-json\/wp\/v2\/pages\/1829","targetHints":{"allow":["GET"]}}],"collection":[{"href":"http:\/\/www.dive3d.ch\/fr\/wp-json\/wp\/v2\/pages"}],"about":[{"href":"http:\/\/www.dive3d.ch\/fr\/wp-json\/wp\/v2\/types\/page"}],"author":[{"embeddable":true,"href":"http:\/\/www.dive3d.ch\/fr\/wp-json\/wp\/v2\/users\/2"}],"replies":[{"embeddable":true,"href":"http:\/\/www.dive3d.ch\/fr\/wp-json\/wp\/v2\/comments?post=1829"}],"version-history":[{"count":8,"href":"http:\/\/www.dive3d.ch\/fr\/wp-json\/wp\/v2\/pages\/1829\/revisions"}],"predecessor-version":[{"id":1923,"href":"http:\/\/www.dive3d.ch\/fr\/wp-json\/wp\/v2\/pages\/1829\/revisions\/1923"}],"wp:attachment":[{"href":"http:\/\/www.dive3d.ch\/fr\/wp-json\/wp\/v2\/media?parent=1829"}],"curies":[{"name":"wp","href":"https:\/\/api.w.org\/{rel}","templated":true}]}}