{"id":1838,"date":"2022-01-11T15:07:01","date_gmt":"2022-01-11T15:07:01","guid":{"rendered":"https:\/\/dive3d.ch\/evenements-virtuels-expositions-marches\/"},"modified":"2022-01-25T10:50:51","modified_gmt":"2022-01-25T09:50:51","slug":"evenements-virtuels-expositions-marches","status":"publish","type":"page","link":"http:\/\/www.dive3d.ch\/fr\/evenements-virtuels-expositions-marches\/","title":{"rendered":"\u00c9v\u00e9nements virtuels \/ Expositions \/ March\u00e9s"},"content":{"rendered":"<p>Pas besoin de parcourir des milliers de kilom\u00e8tres \u00e0 une date pr\u00e9cise lorsque tout type de produit peut \u00eatre affich\u00e9 de mani\u00e8re r\u00e9aliste directement dans le navigateur Web. Invitez les clients \u00e0 des webinaires directement dans votre environnement de marque et offrez une exp\u00e9rience pratique pour un impact plus important.<\/p>\n\n<p><\/p>\n","protected":false},"excerpt":{"rendered":"<p>Invitez des clients dans votre environnement de marque et faites-leur d\u00e9couvrir vos produits de mani\u00e8re concr\u00e8te \u00e0 travers une exp\u00e9rience unique.<\/p>\n","protected":false},"author":1,"featured_media":0,"parent":0,"menu_order":0,"comment_status":"closed","ping_status":"closed","template":"","meta":{"_monsterinsights_skip_tracking":false,"_monsterinsights_sitenote_active":false,"_monsterinsights_sitenote_note":"","_monsterinsights_sitenote_category":0,"footnotes":""},"class_list":["post-1838","page","type-page","status-publish","hentry"],"yoast_head":"<!-- This site is optimized with the Yoast SEO plugin v19.14 - https:\/\/yoast.com\/wordpress\/plugins\/seo\/ -->\n<title>\u00c9v\u00e9nements virtuels \/ Expositions \/ March\u00e9s - Dive<\/title>\n<meta name=\"robots\" content=\"index, follow, max-snippet:-1, max-image-preview:large, max-video-preview:-1\" \/>\n<link rel=\"canonical\" href=\"http:\/\/www.dive3d.ch\/fr\/evenements-virtuels-expositions-marches\/\" \/>\n<meta property=\"og:locale\" content=\"fr_FR\" \/>\n<meta property=\"og:type\" content=\"article\" \/>\n<meta property=\"og:title\" content=\"\u00c9v\u00e9nements virtuels \/ Expositions \/ March\u00e9s - Dive\" \/>\n<meta property=\"og:description\" content=\"Invitez des clients dans votre environnement de marque et faites-leur d\u00e9couvrir vos produits de mani\u00e8re concr\u00e8te \u00e0 travers une exp\u00e9rience unique.\" \/>\n<meta property=\"og:url\" content=\"http:\/\/www.dive3d.ch\/fr\/evenements-virtuels-expositions-marches\/\" \/>\n<meta property=\"og:site_name\" content=\"Dive\" \/>\n<meta property=\"article:modified_time\" content=\"2022-01-25T09:50:51+00:00\" \/>\n<meta name=\"twitter:card\" content=\"summary_large_image\" \/>\n<script type=\"application\/ld+json\" class=\"yoast-schema-graph\">{\"@context\":\"https:\/\/schema.org\",\"@graph\":[{\"@type\":\"WebPage\",\"@id\":\"http:\/\/www.dive3d.ch\/fr\/evenements-virtuels-expositions-marches\/\",\"url\":\"http:\/\/www.dive3d.ch\/fr\/evenements-virtuels-expositions-marches\/\",\"name\":\"\u00c9v\u00e9nements virtuels \/ Expositions \/ March\u00e9s - Dive\",\"isPartOf\":{\"@id\":\"https:\/\/www.dive3d.ch\/fr\/#website\"},\"datePublished\":\"2022-01-11T15:07:01+00:00\",\"dateModified\":\"2022-01-25T09:50:51+00:00\",\"breadcrumb\":{\"@id\":\"http:\/\/www.dive3d.ch\/fr\/evenements-virtuels-expositions-marches\/#breadcrumb\"},\"inLanguage\":\"fr-FR\",\"potentialAction\":[{\"@type\":\"ReadAction\",\"target\":[\"http:\/\/www.dive3d.ch\/fr\/evenements-virtuels-expositions-marches\/\"]}]},{\"@type\":\"BreadcrumbList\",\"@id\":\"http:\/\/www.dive3d.ch\/fr\/evenements-virtuels-expositions-marches\/#breadcrumb\",\"itemListElement\":[{\"@type\":\"ListItem\",\"position\":1,\"name\":\"Home\",\"item\":\"https:\/\/www.dive3d.ch\/fr\/\"},{\"@type\":\"ListItem\",\"position\":2,\"name\":\"\u00c9v\u00e9nements virtuels \/ Expositions \/ March\u00e9s\"}]},{\"@type\":\"WebSite\",\"@id\":\"https:\/\/www.dive3d.ch\/fr\/#website\",\"url\":\"https:\/\/www.dive3d.ch\/fr\/\",\"name\":\"Dive\",\"description\":\"M\u00e9tavers d'entreprise\",\"publisher\":{\"@id\":\"https:\/\/www.dive3d.ch\/fr\/#organization\"},\"potentialAction\":[{\"@type\":\"SearchAction\",\"target\":{\"@type\":\"EntryPoint\",\"urlTemplate\":\"https:\/\/www.dive3d.ch\/fr\/?s={search_term_string}\"},\"query-input\":\"required name=search_term_string\"}],\"inLanguage\":\"fr-FR\"},{\"@type\":\"Organization\",\"@id\":\"https:\/\/www.dive3d.ch\/fr\/#organization\",\"name\":\"Atracsys Interactive SA\",\"url\":\"https:\/\/www.dive3d.ch\/fr\/\",\"logo\":{\"@type\":\"ImageObject\",\"inLanguage\":\"fr-FR\",\"@id\":\"https:\/\/www.dive3d.ch\/fr\/#\/schema\/logo\/image\/\",\"url\":\"https:\/\/dive3d.ch\/wp-content\/uploads\/2022\/01\/cropped-Atracsys-Interactive-App-Icon-White512.png\",\"contentUrl\":\"https:\/\/dive3d.ch\/wp-content\/uploads\/2022\/01\/cropped-Atracsys-Interactive-App-Icon-White512.png\",\"width\":512,\"height\":512,\"caption\":\"Atracsys Interactive SA\"},\"image\":{\"@id\":\"https:\/\/www.dive3d.ch\/fr\/#\/schema\/logo\/image\/\"}}]}<\/script>\n<!-- \/ Yoast SEO plugin. -->","yoast_head_json":{"title":"\u00c9v\u00e9nements virtuels \/ Expositions \/ March\u00e9s - Dive","robots":{"index":"index","follow":"follow","max-snippet":"max-snippet:-1","max-image-preview":"max-image-preview:large","max-video-preview":"max-video-preview:-1"},"canonical":"http:\/\/www.dive3d.ch\/fr\/evenements-virtuels-expositions-marches\/","og_locale":"fr_FR","og_type":"article","og_title":"\u00c9v\u00e9nements virtuels \/ Expositions \/ March\u00e9s - Dive","og_description":"Invitez des clients dans votre environnement de marque et faites-leur d\u00e9couvrir vos produits de mani\u00e8re concr\u00e8te \u00e0 travers une exp\u00e9rience unique.","og_url":"http:\/\/www.dive3d.ch\/fr\/evenements-virtuels-expositions-marches\/","og_site_name":"Dive","article_modified_time":"2022-01-25T09:50:51+00:00","twitter_card":"summary_large_image","schema":{"@context":"https:\/\/schema.org","@graph":[{"@type":"WebPage","@id":"http:\/\/www.dive3d.ch\/fr\/evenements-virtuels-expositions-marches\/","url":"http:\/\/www.dive3d.ch\/fr\/evenements-virtuels-expositions-marches\/","name":"\u00c9v\u00e9nements virtuels \/ Expositions \/ March\u00e9s - Dive","isPartOf":{"@id":"https:\/\/www.dive3d.ch\/fr\/#website"},"datePublished":"2022-01-11T15:07:01+00:00","dateModified":"2022-01-25T09:50:51+00:00","breadcrumb":{"@id":"http:\/\/www.dive3d.ch\/fr\/evenements-virtuels-expositions-marches\/#breadcrumb"},"inLanguage":"fr-FR","potentialAction":[{"@type":"ReadAction","target":["http:\/\/www.dive3d.ch\/fr\/evenements-virtuels-expositions-marches\/"]}]},{"@type":"BreadcrumbList","@id":"http:\/\/www.dive3d.ch\/fr\/evenements-virtuels-expositions-marches\/#breadcrumb","itemListElement":[{"@type":"ListItem","position":1,"name":"Home","item":"https:\/\/www.dive3d.ch\/fr\/"},{"@type":"ListItem","position":2,"name":"\u00c9v\u00e9nements virtuels \/ Expositions \/ March\u00e9s"}]},{"@type":"WebSite","@id":"https:\/\/www.dive3d.ch\/fr\/#website","url":"https:\/\/www.dive3d.ch\/fr\/","name":"Dive","description":"M\u00e9tavers d'entreprise","publisher":{"@id":"https:\/\/www.dive3d.ch\/fr\/#organization"},"potentialAction":[{"@type":"SearchAction","target":{"@type":"EntryPoint","urlTemplate":"https:\/\/www.dive3d.ch\/fr\/?s={search_term_string}"},"query-input":"required name=search_term_string"}],"inLanguage":"fr-FR"},{"@type":"Organization","@id":"https:\/\/www.dive3d.ch\/fr\/#organization","name":"Atracsys Interactive SA","url":"https:\/\/www.dive3d.ch\/fr\/","logo":{"@type":"ImageObject","inLanguage":"fr-FR","@id":"https:\/\/www.dive3d.ch\/fr\/#\/schema\/logo\/image\/","url":"https:\/\/dive3d.ch\/wp-content\/uploads\/2022\/01\/cropped-Atracsys-Interactive-App-Icon-White512.png","contentUrl":"https:\/\/dive3d.ch\/wp-content\/uploads\/2022\/01\/cropped-Atracsys-Interactive-App-Icon-White512.png","width":512,"height":512,"caption":"Atracsys Interactive SA"},"image":{"@id":"https:\/\/www.dive3d.ch\/fr\/#\/schema\/logo\/image\/"}}]}},"_links":{"self":[{"href":"http:\/\/www.dive3d.ch\/fr\/wp-json\/wp\/v2\/pages\/1838","targetHints":{"allow":["GET"]}}],"collection":[{"href":"http:\/\/www.dive3d.ch\/fr\/wp-json\/wp\/v2\/pages"}],"about":[{"href":"http:\/\/www.dive3d.ch\/fr\/wp-json\/wp\/v2\/types\/page"}],"author":[{"embeddable":true,"href":"http:\/\/www.dive3d.ch\/fr\/wp-json\/wp\/v2\/users\/1"}],"replies":[{"embeddable":true,"href":"http:\/\/www.dive3d.ch\/fr\/wp-json\/wp\/v2\/comments?post=1838"}],"version-history":[{"count":8,"href":"http:\/\/www.dive3d.ch\/fr\/wp-json\/wp\/v2\/pages\/1838\/revisions"}],"predecessor-version":[{"id":2106,"href":"http:\/\/www.dive3d.ch\/fr\/wp-json\/wp\/v2\/pages\/1838\/revisions\/2106"}],"wp:attachment":[{"href":"http:\/\/www.dive3d.ch\/fr\/wp-json\/wp\/v2\/media?parent=1838"}],"curies":[{"name":"wp","href":"https:\/\/api.w.org\/{rel}","templated":true}]}}