{"id":1845,"date":"2022-01-11T15:07:02","date_gmt":"2022-01-11T15:07:02","guid":{"rendered":"https:\/\/dive3d.ch\/plateforme-de-vente\/"},"modified":"2022-01-25T10:44:29","modified_gmt":"2022-01-25T09:44:29","slug":"plateforme-de-vente","status":"publish","type":"page","link":"http:\/\/www.dive3d.ch\/fr\/plateforme-de-vente\/","title":{"rendered":"Plateforme de vente"},"content":{"rendered":"<p>Organisez des r\u00e9unions de vente compl\u00e8tes \u00e0 distance. Accueillez vos prospects dans un environnement de marque, pr\u00e9sentez vos produits dans tous les d\u00e9tails physiques et laissez les clients participer activement.<\/p>\n","protected":false},"excerpt":{"rendered":"<p>Permettez \u00e0 vos commerciaux d&#8217;organiser des r\u00e9unions de vente et des pr\u00e9sentations de produits directement depuis leur bureau.<\/p>\n","protected":false},"author":1,"featured_media":0,"parent":0,"menu_order":0,"comment_status":"closed","ping_status":"closed","template":"","meta":{"_monsterinsights_skip_tracking":false,"_monsterinsights_sitenote_active":false,"_monsterinsights_sitenote_note":"","_monsterinsights_sitenote_category":0,"footnotes":""},"class_list":["post-1845","page","type-page","status-publish","hentry"],"yoast_head":"<!-- This site is optimized with the Yoast SEO plugin v19.14 - https:\/\/yoast.com\/wordpress\/plugins\/seo\/ -->\n<title>Plateforme de vente - Dive<\/title>\n<meta name=\"robots\" content=\"index, follow, max-snippet:-1, max-image-preview:large, max-video-preview:-1\" \/>\n<link rel=\"canonical\" href=\"http:\/\/www.dive3d.ch\/fr\/plateforme-de-vente\/\" \/>\n<meta property=\"og:locale\" content=\"fr_FR\" \/>\n<meta property=\"og:type\" content=\"article\" \/>\n<meta property=\"og:title\" content=\"Plateforme de vente - Dive\" \/>\n<meta property=\"og:description\" content=\"Permettez \u00e0 vos commerciaux d&#039;organiser des r\u00e9unions de vente et des pr\u00e9sentations de produits directement depuis leur bureau.\" \/>\n<meta property=\"og:url\" content=\"http:\/\/www.dive3d.ch\/fr\/plateforme-de-vente\/\" \/>\n<meta property=\"og:site_name\" content=\"Dive\" \/>\n<meta property=\"article:modified_time\" content=\"2022-01-25T09:44:29+00:00\" \/>\n<meta name=\"twitter:card\" content=\"summary_large_image\" \/>\n<script type=\"application\/ld+json\" class=\"yoast-schema-graph\">{\"@context\":\"https:\/\/schema.org\",\"@graph\":[{\"@type\":\"WebPage\",\"@id\":\"http:\/\/www.dive3d.ch\/fr\/plateforme-de-vente\/\",\"url\":\"http:\/\/www.dive3d.ch\/fr\/plateforme-de-vente\/\",\"name\":\"Plateforme de vente - Dive\",\"isPartOf\":{\"@id\":\"https:\/\/www.dive3d.ch\/fr\/#website\"},\"datePublished\":\"2022-01-11T15:07:02+00:00\",\"dateModified\":\"2022-01-25T09:44:29+00:00\",\"breadcrumb\":{\"@id\":\"http:\/\/www.dive3d.ch\/fr\/plateforme-de-vente\/#breadcrumb\"},\"inLanguage\":\"fr-FR\",\"potentialAction\":[{\"@type\":\"ReadAction\",\"target\":[\"http:\/\/www.dive3d.ch\/fr\/plateforme-de-vente\/\"]}]},{\"@type\":\"BreadcrumbList\",\"@id\":\"http:\/\/www.dive3d.ch\/fr\/plateforme-de-vente\/#breadcrumb\",\"itemListElement\":[{\"@type\":\"ListItem\",\"position\":1,\"name\":\"Home\",\"item\":\"https:\/\/www.dive3d.ch\/fr\/\"},{\"@type\":\"ListItem\",\"position\":2,\"name\":\"Plateforme de vente\"}]},{\"@type\":\"WebSite\",\"@id\":\"https:\/\/www.dive3d.ch\/fr\/#website\",\"url\":\"https:\/\/www.dive3d.ch\/fr\/\",\"name\":\"Dive\",\"description\":\"M\u00e9tavers d'entreprise\",\"publisher\":{\"@id\":\"https:\/\/www.dive3d.ch\/fr\/#organization\"},\"potentialAction\":[{\"@type\":\"SearchAction\",\"target\":{\"@type\":\"EntryPoint\",\"urlTemplate\":\"https:\/\/www.dive3d.ch\/fr\/?s={search_term_string}\"},\"query-input\":\"required name=search_term_string\"}],\"inLanguage\":\"fr-FR\"},{\"@type\":\"Organization\",\"@id\":\"https:\/\/www.dive3d.ch\/fr\/#organization\",\"name\":\"Atracsys Interactive SA\",\"url\":\"https:\/\/www.dive3d.ch\/fr\/\",\"logo\":{\"@type\":\"ImageObject\",\"inLanguage\":\"fr-FR\",\"@id\":\"https:\/\/www.dive3d.ch\/fr\/#\/schema\/logo\/image\/\",\"url\":\"https:\/\/dive3d.ch\/wp-content\/uploads\/2022\/01\/cropped-Atracsys-Interactive-App-Icon-White512.png\",\"contentUrl\":\"https:\/\/dive3d.ch\/wp-content\/uploads\/2022\/01\/cropped-Atracsys-Interactive-App-Icon-White512.png\",\"width\":512,\"height\":512,\"caption\":\"Atracsys Interactive SA\"},\"image\":{\"@id\":\"https:\/\/www.dive3d.ch\/fr\/#\/schema\/logo\/image\/\"}}]}<\/script>\n<!-- \/ Yoast SEO plugin. -->","yoast_head_json":{"title":"Plateforme de vente - Dive","robots":{"index":"index","follow":"follow","max-snippet":"max-snippet:-1","max-image-preview":"max-image-preview:large","max-video-preview":"max-video-preview:-1"},"canonical":"http:\/\/www.dive3d.ch\/fr\/plateforme-de-vente\/","og_locale":"fr_FR","og_type":"article","og_title":"Plateforme de vente - Dive","og_description":"Permettez \u00e0 vos commerciaux d'organiser des r\u00e9unions de vente et des pr\u00e9sentations de produits directement depuis leur bureau.","og_url":"http:\/\/www.dive3d.ch\/fr\/plateforme-de-vente\/","og_site_name":"Dive","article_modified_time":"2022-01-25T09:44:29+00:00","twitter_card":"summary_large_image","schema":{"@context":"https:\/\/schema.org","@graph":[{"@type":"WebPage","@id":"http:\/\/www.dive3d.ch\/fr\/plateforme-de-vente\/","url":"http:\/\/www.dive3d.ch\/fr\/plateforme-de-vente\/","name":"Plateforme de vente - Dive","isPartOf":{"@id":"https:\/\/www.dive3d.ch\/fr\/#website"},"datePublished":"2022-01-11T15:07:02+00:00","dateModified":"2022-01-25T09:44:29+00:00","breadcrumb":{"@id":"http:\/\/www.dive3d.ch\/fr\/plateforme-de-vente\/#breadcrumb"},"inLanguage":"fr-FR","potentialAction":[{"@type":"ReadAction","target":["http:\/\/www.dive3d.ch\/fr\/plateforme-de-vente\/"]}]},{"@type":"BreadcrumbList","@id":"http:\/\/www.dive3d.ch\/fr\/plateforme-de-vente\/#breadcrumb","itemListElement":[{"@type":"ListItem","position":1,"name":"Home","item":"https:\/\/www.dive3d.ch\/fr\/"},{"@type":"ListItem","position":2,"name":"Plateforme de vente"}]},{"@type":"WebSite","@id":"https:\/\/www.dive3d.ch\/fr\/#website","url":"https:\/\/www.dive3d.ch\/fr\/","name":"Dive","description":"M\u00e9tavers d'entreprise","publisher":{"@id":"https:\/\/www.dive3d.ch\/fr\/#organization"},"potentialAction":[{"@type":"SearchAction","target":{"@type":"EntryPoint","urlTemplate":"https:\/\/www.dive3d.ch\/fr\/?s={search_term_string}"},"query-input":"required name=search_term_string"}],"inLanguage":"fr-FR"},{"@type":"Organization","@id":"https:\/\/www.dive3d.ch\/fr\/#organization","name":"Atracsys Interactive SA","url":"https:\/\/www.dive3d.ch\/fr\/","logo":{"@type":"ImageObject","inLanguage":"fr-FR","@id":"https:\/\/www.dive3d.ch\/fr\/#\/schema\/logo\/image\/","url":"https:\/\/dive3d.ch\/wp-content\/uploads\/2022\/01\/cropped-Atracsys-Interactive-App-Icon-White512.png","contentUrl":"https:\/\/dive3d.ch\/wp-content\/uploads\/2022\/01\/cropped-Atracsys-Interactive-App-Icon-White512.png","width":512,"height":512,"caption":"Atracsys Interactive SA"},"image":{"@id":"https:\/\/www.dive3d.ch\/fr\/#\/schema\/logo\/image\/"}}]}},"_links":{"self":[{"href":"http:\/\/www.dive3d.ch\/fr\/wp-json\/wp\/v2\/pages\/1845","targetHints":{"allow":["GET"]}}],"collection":[{"href":"http:\/\/www.dive3d.ch\/fr\/wp-json\/wp\/v2\/pages"}],"about":[{"href":"http:\/\/www.dive3d.ch\/fr\/wp-json\/wp\/v2\/types\/page"}],"author":[{"embeddable":true,"href":"http:\/\/www.dive3d.ch\/fr\/wp-json\/wp\/v2\/users\/1"}],"replies":[{"embeddable":true,"href":"http:\/\/www.dive3d.ch\/fr\/wp-json\/wp\/v2\/comments?post=1845"}],"version-history":[{"count":2,"href":"http:\/\/www.dive3d.ch\/fr\/wp-json\/wp\/v2\/pages\/1845\/revisions"}],"predecessor-version":[{"id":2101,"href":"http:\/\/www.dive3d.ch\/fr\/wp-json\/wp\/v2\/pages\/1845\/revisions\/2101"}],"wp:attachment":[{"href":"http:\/\/www.dive3d.ch\/fr\/wp-json\/wp\/v2\/media?parent=1845"}],"curies":[{"name":"wp","href":"https:\/\/api.w.org\/{rel}","templated":true}]}}